{"id":8202,"date":"2022-11-18T12:34:41","date_gmt":"2022-11-18T09:34:41","guid":{"rendered":"https:\/\/marusyamanko.com\/product\/creme-brulee\/"},"modified":"2025-12-26T07:14:42","modified_gmt":"2025-12-26T04:14:42","slug":"creme-brulee","status":"publish","type":"product","link":"https:\/\/marusyamanko.com\/en\/product\/creme-brulee\/","title":{"rendered":"Cr\u00e8me Br\u00fbl\u00e9e"},"content":{"rendered":"<p>Serving and tasting of this cheesecake produce a wow effect! Avid foodies get a thrill out of the magic of cracking the brittle topping with a spoon, accompanied by a characteristic pleasant crunch of the thinnest caramelized sugar crust. A slice of this tender, melt-in-your-mouth cheesecake with pleasant caramel-vanilla notes excellently reproduces the taste experience of the famous dessert, beloved all over the world.<\/p>\n","protected":false},"excerpt":{"rendered":"<p>\u0421heesecake<\/p>\n","protected":false},"featured_media":8152,"comment_status":"open","ping_status":"closed","template":"","meta":{"inline_featured_image":false},"product_brand":[],"product_cat":[55,50],"product_tag":[],"class_list":{"0":"post-8202","1":"product","2":"type-product","3":"status-publish","4":"has-post-thumbnail","6":"product_cat-recipes-en","7":"product_cat-cheesecake-en","9":"first","10":"instock","11":"downloadable","12":"virtual","13":"purchasable","14":"product-type-simple"},"acf":[],"_links":{"self":[{"href":"https:\/\/marusyamanko.com\/en\/wp-json\/wp\/v2\/product\/8202","targetHints":{"allow":["GET"]}}],"collection":[{"href":"https:\/\/marusyamanko.com\/en\/wp-json\/wp\/v2\/product"}],"about":[{"href":"https:\/\/marusyamanko.com\/en\/wp-json\/wp\/v2\/types\/product"}],"replies":[{"embeddable":true,"href":"https:\/\/marusyamanko.com\/en\/wp-json\/wp\/v2\/comments?post=8202"}],"wp:featuredmedia":[{"embeddable":true,"href":"https:\/\/marusyamanko.com\/en\/wp-json\/wp\/v2\/media\/8152"}],"wp:attachment":[{"href":"https:\/\/marusyamanko.com\/en\/wp-json\/wp\/v2\/media?parent=8202"}],"wp:term":[{"taxonomy":"product_brand","embeddable":true,"href":"https:\/\/marusyamanko.com\/en\/wp-json\/wp\/v2\/product_brand?post=8202"},{"taxonomy":"product_cat","embeddable":true,"href":"https:\/\/marusyamanko.com\/en\/wp-json\/wp\/v2\/product_cat?post=8202"},{"taxonomy":"product_tag","embeddable":true,"href":"https:\/\/marusyamanko.com\/en\/wp-json\/wp\/v2\/product_tag?post=8202"}],"curies":[{"name":"wp","href":"https:\/\/api.w.org\/{rel}","templated":true}]}}